{"id":19,"date":"2015-06-10T07:16:23","date_gmt":"2015-06-10T07:16:23","guid":{"rendered":"http:\/\/www.tesatcom.tv\/?page_id=19"},"modified":"2015-06-12T20:17:00","modified_gmt":"2015-06-12T20:17:00","slug":"porters-videoporters","status":"publish","type":"page","link":"https:\/\/www.tesatcom.tv\/index.php\/porters-videoporters\/","title":{"rendered":"Porters &#8211; V\u00eddeo porters"},"content":{"rendered":"<p class=\"midalletra\">Realitzem instal\u00b7lacions i reparacions de qualsevol tipus de porter autom\u00e0tic o v\u00eddeo porter, ja sigui nova instal\u00b7laci\u00f3 o aprofitant la instal\u00b7laci\u00f3 existent a la vivenda. En vivendes unifamiliars o blocs de pisos<\/p>\n<p class=\"midalletra\">El v\u00eddeo porter, \u00e9s un sistema aut\u00f2nom que serveix per gestionar les trucades que es fan a la porta d&#8217;un edifici (sigui residencial, vivenda unifamiliar, llocs de treball, etc.), controlant d&#8217;aquesta forma l&#8217;acc\u00e9s al recinte mitjan\u00e7ant la comunicaci\u00f3 entre l&#8217;interior i l&#8217;exterior. La caracter\u00edstica principal del v\u00eddeo porter \u00e9s que permet que la persona que ocupa l&#8217;interior identifiqui la visita, podent, si ho vol, tenir una conversa i\/o obrir la porta per permetre l&#8217;acc\u00e9s a la persona que ha trucat.<\/p>\n<p class=\"midalletra\" style=\"text-align: center\">\n<a href=\"http:\/\/www.tesatcom.tv\/wp-content\/uploads\/2015\/06\/vp2.jpg\" rel=\"lightbox\"><img decoding=\"async\" class=\"alignnone  wp-image-98 margeima\" src=\"http:\/\/www.tesatcom.tv\/wp-content\/uploads\/2015\/06\/vp2.jpg\" alt=\"vp2\" width=\"275\" \/><\/a> <a href=\"http:\/\/www.tesatcom.tv\/wp-content\/uploads\/2015\/06\/vp1.jpg\" rel=\"lightbox\"><img decoding=\"async\" class=\"alignnone  wp-image-99 margeima\" src=\"http:\/\/www.tesatcom.tv\/wp-content\/uploads\/2015\/06\/vp1.jpg\" alt=\"vp1\" width=\"275\" \/><\/a> <a href=\"http:\/\/www.tesatcom.tv\/wp-content\/uploads\/2015\/06\/vp3.jpg\" rel=\"lightbox\"><img decoding=\"async\" class=\"alignnone  wp-image-100 margeima\" src=\"http:\/\/www.tesatcom.tv\/wp-content\/uploads\/2015\/06\/vp3.jpg\" alt=\"vp3\" width=\"275\" srcset=\"https:\/\/www.tesatcom.tv\/wp-content\/uploads\/2015\/06\/vp3.jpg 1000w, https:\/\/www.tesatcom.tv\/wp-content\/uploads\/2015\/06\/vp3-300x224.jpg 300w\" sizes=\"(max-width: 1000px) 100vw, 1000px\" \/><\/a><\/p>\n","protected":false},"excerpt":{"rendered":"<p>Realitzem instal\u00b7lacions i reparacions de qualsevol tipus de porter autom\u00e0tic o v\u00eddeo porter, ja sigui nova instal\u00b7laci\u00f3 o aprofitant la instal\u00b7laci\u00f3 existent a la vivenda. En vivendes unifamiliars o blocs de pisos El v\u00eddeo porter, \u00e9s un sistema aut\u00f2nom que serveix per gestionar les trucades que es fan a la porta d&#8217;un edifici (sigui residencial,&#8230; <\/p>\n","protected":false},"author":1,"featured_media":0,"parent":0,"menu_order":0,"comment_status":"closed","ping_status":"closed","template":"template-full-width.php","meta":[],"_links":{"self":[{"href":"https:\/\/www.tesatcom.tv\/index.php\/wp-json\/wp\/v2\/pages\/19"}],"collection":[{"href":"https:\/\/www.tesatcom.tv\/index.php\/wp-json\/wp\/v2\/pages"}],"about":[{"href":"https:\/\/www.tesatcom.tv\/index.php\/wp-json\/wp\/v2\/types\/page"}],"author":[{"embeddable":true,"href":"https:\/\/www.tesatcom.tv\/index.php\/wp-json\/wp\/v2\/users\/1"}],"replies":[{"embeddable":true,"href":"https:\/\/www.tesatcom.tv\/index.php\/wp-json\/wp\/v2\/comments?post=19"}],"version-history":[{"count":16,"href":"https:\/\/www.tesatcom.tv\/index.php\/wp-json\/wp\/v2\/pages\/19\/revisions"}],"predecessor-version":[{"id":161,"href":"https:\/\/www.tesatcom.tv\/index.php\/wp-json\/wp\/v2\/pages\/19\/revisions\/161"}],"wp:attachment":[{"href":"https:\/\/www.tesatcom.tv\/index.php\/wp-json\/wp\/v2\/media?parent=19"}],"curies":[{"name":"wp","href":"https:\/\/api.w.org\/{rel}","templated":true}]}}