{"id":21,"date":"2015-06-10T07:16:31","date_gmt":"2015-06-10T07:16:31","guid":{"rendered":"http:\/\/www.tesatcom.tv\/?page_id=21"},"modified":"2015-06-12T09:27:51","modified_gmt":"2015-06-12T09:27:51","slug":"telefonia","status":"publish","type":"page","link":"https:\/\/www.tesatcom.tv\/index.php\/telefonia\/","title":{"rendered":"Telefonia"},"content":{"rendered":"<p class=\"midalletra\">Instal\u00b7lem xarxes de comunicaci\u00f3 de telef\u00f2nica internes, aix\u00ed com intercomunicadors que permetin l&#8217;establiment de transmissions per telefonia a nivell intern.<\/p>\n<p class=\"midalletra\">Els intercomunicadors permeten a dos o m\u00e9s persones tenir una conversa a trav\u00e9s d&#8217;un circuit de cable. Tamb\u00e9, al igual que un sistema telef\u00f2nic convencional poder ser de pocs equips o b\u00e9 per ser utilitzats en grans edificis. Els intercomunicadors m\u00e9s habituals els podrem trobar a presons, hospitals, per comunicaci\u00f3 en carretera, punts d&#8217;emerg\u00e8ncia, etc. Aix\u00f2 no vol dir que no puguin ser utilitzats a petita escala, per petites empreses o a nivell particular.<\/p>\n","protected":false},"excerpt":{"rendered":"<p>Instal\u00b7lem xarxes de comunicaci\u00f3 de telef\u00f2nica internes, aix\u00ed com intercomunicadors que permetin l&#8217;establiment de transmissions per telefonia a nivell intern. Els intercomunicadors permeten a dos o m\u00e9s persones tenir una conversa a trav\u00e9s d&#8217;un circuit de cable. Tamb\u00e9, al igual que un sistema telef\u00f2nic convencional poder ser de pocs equips o b\u00e9 per ser utilitzats&#8230; <\/p>\n","protected":false},"author":1,"featured_media":0,"parent":0,"menu_order":0,"comment_status":"closed","ping_status":"closed","template":"template-full-width.php","meta":[],"_links":{"self":[{"href":"https:\/\/www.tesatcom.tv\/index.php\/wp-json\/wp\/v2\/pages\/21"}],"collection":[{"href":"https:\/\/www.tesatcom.tv\/index.php\/wp-json\/wp\/v2\/pages"}],"about":[{"href":"https:\/\/www.tesatcom.tv\/index.php\/wp-json\/wp\/v2\/types\/page"}],"author":[{"embeddable":true,"href":"https:\/\/www.tesatcom.tv\/index.php\/wp-json\/wp\/v2\/users\/1"}],"replies":[{"embeddable":true,"href":"https:\/\/www.tesatcom.tv\/index.php\/wp-json\/wp\/v2\/comments?post=21"}],"version-history":[{"count":9,"href":"https:\/\/www.tesatcom.tv\/index.php\/wp-json\/wp\/v2\/pages\/21\/revisions"}],"predecessor-version":[{"id":154,"href":"https:\/\/www.tesatcom.tv\/index.php\/wp-json\/wp\/v2\/pages\/21\/revisions\/154"}],"wp:attachment":[{"href":"https:\/\/www.tesatcom.tv\/index.php\/wp-json\/wp\/v2\/media?parent=21"}],"curies":[{"name":"wp","href":"https:\/\/api.w.org\/{rel}","templated":true}]}}