{"id":23,"date":"2015-06-10T07:16:45","date_gmt":"2015-06-10T07:16:45","guid":{"rendered":"http:\/\/www.tesatcom.tv\/?page_id=23"},"modified":"2015-06-12T20:16:20","modified_gmt":"2015-06-12T20:16:20","slug":"cctv-video-vigilancia","status":"publish","type":"page","link":"https:\/\/www.tesatcom.tv\/index.php\/cctv-video-vigilancia\/","title":{"rendered":"CCTV V\u00eddeo vigil\u00e0ncia"},"content":{"rendered":"<p class=\"midalletra\">Instal\u00b7lem i configurem qualsevol equip per circuit tancat de televisi\u00f3 (CCTV) per v\u00eddeo vigil\u00e0ncia, ja sigui en domicilis particulars o en empreses que necessitin visualitzar a trav\u00e9s de monitors tot el que est\u00e0 passant al recinte i\/o b\u00e9 desar-ho en qualsevol dispositiu d&#8217;emmagatzematge; aix\u00ed com accedir-hi en directe a trav\u00e9s d&#8217;internet utilitzant tot tipus de dispositius m\u00f2bils.<\/p>\n<p class=\"midalletra\" style=\"text-align: center;\">\n<a href=\"http:\/\/www.tesatcom.tv\/wp-content\/uploads\/2015\/06\/videov2.jpg\" rel=\"lightbox\"><img decoding=\"async\" loading=\"lazy\" class=\"margeima alignnone wp-image-145\" src=\"http:\/\/www.tesatcom.tv\/wp-content\/uploads\/2015\/06\/videov2.jpg\" alt=\"videov2\" width=\"208\" height=\"175\" srcset=\"https:\/\/www.tesatcom.tv\/wp-content\/uploads\/2015\/06\/videov2.jpg 650w, https:\/\/www.tesatcom.tv\/wp-content\/uploads\/2015\/06\/videov2-300x252.jpg 300w\" sizes=\"(max-width: 208px) 100vw, 208px\" \/><\/a><a href=\"http:\/\/www.tesatcom.tv\/wp-content\/uploads\/2015\/06\/videov1.jpg\" rel=\"lightbox\"><img decoding=\"async\" loading=\"lazy\" class=\"margeima alignnone wp-image-144\" src=\"http:\/\/www.tesatcom.tv\/wp-content\/uploads\/2015\/06\/videov1.jpg\" alt=\"videov1\" width=\"205\" height=\"175\" srcset=\"https:\/\/www.tesatcom.tv\/wp-content\/uploads\/2015\/06\/videov1.jpg 650w, https:\/\/www.tesatcom.tv\/wp-content\/uploads\/2015\/06\/videov1-300x256.jpg 300w\" sizes=\"(max-width: 205px) 100vw, 205px\" \/><a href=\"http:\/\/www.tesatcom.tv\/wp-content\/uploads\/2015\/06\/videov3.jpg\" rel=\"lightbox\"><img decoding=\"async\" loading=\"lazy\" class=\"margeima alignnone wp-image-146\" src=\"http:\/\/www.tesatcom.tv\/wp-content\/uploads\/2015\/06\/videov3.jpg\" alt=\"videov3\" width=\"175\" height=\"175\" srcset=\"https:\/\/www.tesatcom.tv\/wp-content\/uploads\/2015\/06\/videov3.jpg 500w, https:\/\/www.tesatcom.tv\/wp-content\/uploads\/2015\/06\/videov3-150x150.jpg 150w, https:\/\/www.tesatcom.tv\/wp-content\/uploads\/2015\/06\/videov3-300x300.jpg 300w\" sizes=\"(max-width: 175px) 100vw, 175px\" \/><\/a><a href=\"http:\/\/www.tesatcom.tv\/wp-content\/uploads\/2015\/06\/videov4.jpg\" rel=\"lightbox\"><img decoding=\"async\" loading=\"lazy\" class=\"margeima alignnone wp-image-147\" src=\"http:\/\/www.tesatcom.tv\/wp-content\/uploads\/2015\/06\/videov4.jpg\" alt=\"videov4\" width=\"175\" height=\"175\" srcset=\"https:\/\/www.tesatcom.tv\/wp-content\/uploads\/2015\/06\/videov4.jpg 500w, https:\/\/www.tesatcom.tv\/wp-content\/uploads\/2015\/06\/videov4-150x150.jpg 150w, https:\/\/www.tesatcom.tv\/wp-content\/uploads\/2015\/06\/videov4-300x300.jpg 300w\" sizes=\"(max-width: 175px) 100vw, 175px\" \/><\/a><\/p>\n<p class=\"midalletra\">El circuit de v\u00eddeo vigil\u00e0ncia estar\u00e0 compost, a part de c\u00e0meres i monitors, d&#8217;un dispositiu d\u2019emmagatzematge de video (DVR Digital Video Recorder, NVR Network Video Recorder) depenent si la estructura del circuit \u00e9s anal\u00f2gic o est\u00e0 basat en xarxes IP, encara que es poden realitzar diferents combinacions depenent de les necessitats de cada lloc. Les c\u00e0meres poden ser fixes, amb zoom, m\u00f2bils, etc. Existeixen tipus de c\u00e0meres amb zoom que poden controlar-se mitjan\u00e7ant una consola o teclat. Els sistemes CCTV de v\u00eddeo Vigil\u00e0ncia tamb\u00e9 consten de dispositius com: llums infraroges, sensors crepusculars, posicionadors, teleobjectius, an\u00e0lisi de v\u00eddeo i v\u00eddeo intel\u00b7ligent, etc. La tecnologia de les c\u00e0meres permeten actualment segons els models, captar imatges t\u00e8rmiques totalment a les fosques, o imatges fosques il\u00b7luminades per infrarojos que la vista no es capa\u00e7 de veure.<\/p>\n","protected":false},"excerpt":{"rendered":"<p>Instal\u00b7lem i configurem qualsevol equip per circuit tancat de televisi\u00f3 (CCTV) per v\u00eddeo vigil\u00e0ncia, ja sigui en domicilis particulars o en empreses que necessitin visualitzar a trav\u00e9s de monitors tot el que est\u00e0 passant al recinte i\/o b\u00e9 desar-ho en qualsevol dispositiu d&#8217;emmagatzematge; aix\u00ed com accedir-hi en directe a trav\u00e9s d&#8217;internet utilitzant tot tipus de&#8230; <\/p>\n","protected":false},"author":1,"featured_media":0,"parent":0,"menu_order":0,"comment_status":"closed","ping_status":"closed","template":"template-full-width.php","meta":[],"_links":{"self":[{"href":"https:\/\/www.tesatcom.tv\/index.php\/wp-json\/wp\/v2\/pages\/23"}],"collection":[{"href":"https:\/\/www.tesatcom.tv\/index.php\/wp-json\/wp\/v2\/pages"}],"about":[{"href":"https:\/\/www.tesatcom.tv\/index.php\/wp-json\/wp\/v2\/types\/page"}],"author":[{"embeddable":true,"href":"https:\/\/www.tesatcom.tv\/index.php\/wp-json\/wp\/v2\/users\/1"}],"replies":[{"embeddable":true,"href":"https:\/\/www.tesatcom.tv\/index.php\/wp-json\/wp\/v2\/comments?post=23"}],"version-history":[{"count":9,"href":"https:\/\/www.tesatcom.tv\/index.php\/wp-json\/wp\/v2\/pages\/23\/revisions"}],"predecessor-version":[{"id":160,"href":"https:\/\/www.tesatcom.tv\/index.php\/wp-json\/wp\/v2\/pages\/23\/revisions\/160"}],"wp:attachment":[{"href":"https:\/\/www.tesatcom.tv\/index.php\/wp-json\/wp\/v2\/media?parent=23"}],"curies":[{"name":"wp","href":"https:\/\/api.w.org\/{rel}","templated":true}]}}