{"id":32,"date":"2015-06-10T07:22:15","date_gmt":"2015-06-10T07:22:15","guid":{"rendered":"http:\/\/www.tesatcom.tv\/?page_id=32"},"modified":"2015-06-12T16:42:12","modified_gmt":"2015-06-12T16:42:12","slug":"xarxes-i-fibra-optica","status":"publish","type":"page","link":"https:\/\/www.tesatcom.tv\/index.php\/xarxes-i-fibra-optica\/","title":{"rendered":"Xarxes i fibra \u00f2ptica"},"content":{"rendered":"<p class=\"midalletra\">Instal\u00b7lem i realitzem el manteniment de qualsevol xarxa inform\u00e0tica que necessiti, tant de dades com de veu. Gran meticulositat i pulcritud a l&#8217;hora de passar el cablejat. Instal\u00b7laci\u00f3 de les caixes i tomes de pared per connector RJ45 o de qualsevol altra tipus.<\/p>\n<p class=\"midalletra\">Utilitzem tot tipus de cable que el client requereixi, cables de parell trenats, es a dir del tipus apantallats (STP), pantalla global (FTP) o sense apantallar (UTP), tant de categoria 5 com de categoria 6. Fibra \u00f2ptica, amb la que estant apostant \u00faltimament molt\u00edssim les grans companyies de telefonia m\u00f2bil. Fins i tot no em deixat els mateniments del cablejat coaxial, que encara que s&#8217;ha quedat una mica obsolet.<\/p>\n<p class=\"midalletra\" style=\"text-align: center;\"><a href=\"http:\/\/www.tesatcom.tv\/wp-content\/uploads\/2015\/06\/fibra3.jpg\" rel=\"lightbox\"><img decoding=\"async\" loading=\"lazy\" class=\"alignnone wp-image-123 margeima\" src=\"http:\/\/www.tesatcom.tv\/wp-content\/uploads\/2015\/06\/fibra3.jpg\" alt=\"fibra3\" width=\"270\" height=\"180\" srcset=\"https:\/\/www.tesatcom.tv\/wp-content\/uploads\/2015\/06\/fibra3.jpg 1000w, https:\/\/www.tesatcom.tv\/wp-content\/uploads\/2015\/06\/fibra3-300x200.jpg 300w\" sizes=\"(max-width: 270px) 100vw, 270px\" \/><\/a> <a href=\"http:\/\/www.tesatcom.tv\/wp-content\/uploads\/2015\/06\/Red2.jpg\" rel=\"lightbox\"><img decoding=\"async\" loading=\"lazy\" class=\"alignnone wp-image-127 margeima\" src=\"http:\/\/www.tesatcom.tv\/wp-content\/uploads\/2015\/06\/Red2.jpg\" alt=\"Red2\" width=\"320\" height=\"180\" srcset=\"https:\/\/www.tesatcom.tv\/wp-content\/uploads\/2015\/06\/Red2.jpg 1000w, https:\/\/www.tesatcom.tv\/wp-content\/uploads\/2015\/06\/Red2-300x169.jpg 300w\" sizes=\"(max-width: 320px) 100vw, 320px\" \/><\/a> <a href=\"http:\/\/www.tesatcom.tv\/wp-content\/uploads\/2015\/06\/fibra4.jpg\" rel=\"lightbox\"><img decoding=\"async\" loading=\"lazy\" class=\"alignnone wp-image-124 margeima\" src=\"http:\/\/www.tesatcom.tv\/wp-content\/uploads\/2015\/06\/fibra4.jpg\" alt=\"fibra4\" width=\"270\" height=\"180\" srcset=\"https:\/\/www.tesatcom.tv\/wp-content\/uploads\/2015\/06\/fibra4.jpg 1000w, https:\/\/www.tesatcom.tv\/wp-content\/uploads\/2015\/06\/fibra4-300x200.jpg 300w\" sizes=\"(max-width: 270px) 100vw, 270px\" \/><\/a><\/p>\n","protected":false},"excerpt":{"rendered":"<p>Instal\u00b7lem i realitzem el manteniment de qualsevol xarxa inform\u00e0tica que necessiti, tant de dades com de veu. Gran meticulositat i pulcritud a l&#8217;hora de passar el cablejat. Instal\u00b7laci\u00f3 de les caixes i tomes de pared per connector RJ45 o de qualsevol altra tipus. Utilitzem tot tipus de cable que el client requereixi, cables de parell&#8230; <\/p>\n","protected":false},"author":1,"featured_media":0,"parent":0,"menu_order":0,"comment_status":"closed","ping_status":"closed","template":"template-full-width.php","meta":[],"_links":{"self":[{"href":"https:\/\/www.tesatcom.tv\/index.php\/wp-json\/wp\/v2\/pages\/32"}],"collection":[{"href":"https:\/\/www.tesatcom.tv\/index.php\/wp-json\/wp\/v2\/pages"}],"about":[{"href":"https:\/\/www.tesatcom.tv\/index.php\/wp-json\/wp\/v2\/types\/page"}],"author":[{"embeddable":true,"href":"https:\/\/www.tesatcom.tv\/index.php\/wp-json\/wp\/v2\/users\/1"}],"replies":[{"embeddable":true,"href":"https:\/\/www.tesatcom.tv\/index.php\/wp-json\/wp\/v2\/comments?post=32"}],"version-history":[{"count":15,"href":"https:\/\/www.tesatcom.tv\/index.php\/wp-json\/wp\/v2\/pages\/32\/revisions"}],"predecessor-version":[{"id":159,"href":"https:\/\/www.tesatcom.tv\/index.php\/wp-json\/wp\/v2\/pages\/32\/revisions\/159"}],"wp:attachment":[{"href":"https:\/\/www.tesatcom.tv\/index.php\/wp-json\/wp\/v2\/media?parent=32"}],"curies":[{"name":"wp","href":"https:\/\/api.w.org\/{rel}","templated":true}]}}